{"id":4282,"date":"2023-02-11T17:57:25","date_gmt":"2023-02-11T17:57:25","guid":{"rendered":"https:\/\/www.brunomurias.com\/?page_id=4282"},"modified":"2023-02-11T17:57:36","modified_gmt":"2023-02-11T17:57:36","slug":"newsletter","status":"publish","type":"page","link":"https:\/\/www.brunomurias.com\/pt-pt\/newsletter\/","title":{"rendered":"Newsletter"},"content":{"rendered":"<p>Mantenha-se em contacto, junte-se \u00e0 nossa <em>mailing list<\/em>, iremos enviar-lhe apenas algumas atualiza\u00e7\u00f5es atrav\u00e9s da nossa\u00a0<em><a href=\"https:\/\/us17.campaign-archive.com\/home\/?u=9139b793d19f734b674a98bb4&amp;id=f7dc82f979\" target=\"_blank\" rel=\"noopener\">newsletter<\/a><\/em>.<\/p>\n","protected":false},"excerpt":{"rendered":"<p>Mantenha-se em contacto, junte-se \u00e0 nossa mailing list, iremos enviar-lhe apenas algumas atualiza\u00e7\u00f5es atrav\u00e9s da nossa\u00a0newsletter.<\/p>\n","protected":false},"author":2,"featured_media":0,"parent":0,"menu_order":0,"comment_status":"closed","ping_status":"closed","template":"","meta":[],"acf":[],"_links":{"self":[{"href":"https:\/\/www.brunomurias.com\/pt-pt\/wp-json\/wp\/v2\/pages\/4282"}],"collection":[{"href":"https:\/\/www.brunomurias.com\/pt-pt\/wp-json\/wp\/v2\/pages"}],"about":[{"href":"https:\/\/www.brunomurias.com\/pt-pt\/wp-json\/wp\/v2\/types\/page"}],"author":[{"embeddable":true,"href":"https:\/\/www.brunomurias.com\/pt-pt\/wp-json\/wp\/v2\/users\/2"}],"replies":[{"embeddable":true,"href":"https:\/\/www.brunomurias.com\/pt-pt\/wp-json\/wp\/v2\/comments?post=4282"}],"version-history":[{"count":2,"href":"https:\/\/www.brunomurias.com\/pt-pt\/wp-json\/wp\/v2\/pages\/4282\/revisions"}],"predecessor-version":[{"id":4284,"href":"https:\/\/www.brunomurias.com\/pt-pt\/wp-json\/wp\/v2\/pages\/4282\/revisions\/4284"}],"wp:attachment":[{"href":"https:\/\/www.brunomurias.com\/pt-pt\/wp-json\/wp\/v2\/media?parent=4282"}],"curies":[{"name":"wp","href":"https:\/\/api.w.org\/{rel}","templated":true}]}}