{"id":8,"date":"2018-03-20T16:24:37","date_gmt":"2018-03-20T16:24:37","guid":{"rendered":"https:\/\/www.brunomurias.com\/c\/?page_id=8"},"modified":"2025-10-14T13:11:58","modified_gmt":"2025-10-14T12:11:58","slug":"sobre","status":"publish","type":"page","link":"https:\/\/www.brunomurias.com\/pt-pt\/sobre\/","title":{"rendered":"Sobre"},"content":{"rendered":"<p>A <em>Galeria Bruno M\u00farias <\/em>localiza-se em Lisboa e representa atualmente doze artistas nacionais e internacionais. As suas obras divergem na medida da multiplicidade pl\u00e1stica e expressiva que exploram, mas convergem na partilha de algumas das significa\u00e7\u00f5es, simbologias e materialidades que utilizam. Essa converg\u00eancia converte-se no fio condutor da vis\u00e3o da galeria que assenta na valoriza\u00e7\u00e3o de certos aspetos formais, tem\u00e1ticos e investigativos que pontuam as propostas art\u00edsticas contempor\u00e2neas.<\/p>\n<p>Desse conjunto de aspetos salientam-se, por um lado, o trabalho em torno das possibilidades da leitura do objeto art\u00edstico ou da sua transforma\u00e7\u00e3o, dada atrav\u00e9s de jogos ficcionais, na subvers\u00e3o simb\u00f3lica dos c\u00f3digos da obra ou por via da reintegra\u00e7\u00e3o e ativa\u00e7\u00e3o \u201catualizada\u201d de certas arqueologias da arte que, assim, somam \u00e0s obras camadas relevantes de significa\u00e7\u00e3o; na mesma linha, salienta-se a investiga\u00e7\u00e3o das dimens\u00f5es formais e conceptuais dos media utilizados, que variam entre os meios tradicionais da arte \u2013 como a pintura, a escultura ou o desenho \u2013 ou meios mais contempor\u00e2neos \u2013 como a fotografia, o filme, o v\u00eddeo, o som ou a performance \u2013, cujas particularidades materiais, digitais ou mec\u00e2nicas concedem ao objeto art\u00edstico novas possibilidades de percep\u00e7\u00e3o e de compreens\u00e3o; por outro lado, destacam-se os questionamentos relacionados com o corpo \u2013 o corpo na obra, ou em obra, no espa\u00e7o e com o espa\u00e7o \u2013 e a experi\u00eancia do mundo contempor\u00e2neo ou, mais concretamente, o equacionamento cr\u00edtico dessa experi\u00eancia, social e pol\u00edtica, da sua transitoriedade pr\u00f3pria entre a esfera p\u00fablica e a esfera privada, dos termos do lugar habit\u00e1vel, do corpo vivo no seio do espa\u00e7o urbano constru\u00eddo, dos limites e possibilidades da intera\u00e7\u00e3o ou da fuga.<\/p>\n<p>&nbsp;<\/p>\n","protected":false},"excerpt":{"rendered":"<p>A Galeria Bruno M\u00farias localiza-se em Lisboa e representa atualmente doze artistas nacionais e internacionais. As suas obras divergem na medida da multiplicidade pl\u00e1stica e expressiva que exploram, mas convergem na partilha de algumas das significa\u00e7\u00f5es, simbologias e materialidades que utilizam. Essa converg\u00eancia converte-se no fio condutor da vis\u00e3o da galeria que assenta na valoriza\u00e7\u00e3o [&hellip;]<\/p>\n","protected":false},"author":2,"featured_media":523,"parent":0,"menu_order":0,"comment_status":"closed","ping_status":"closed","template":"page-about.php","meta":[],"acf":[],"_links":{"self":[{"href":"https:\/\/www.brunomurias.com\/pt-pt\/wp-json\/wp\/v2\/pages\/8"}],"collection":[{"href":"https:\/\/www.brunomurias.com\/pt-pt\/wp-json\/wp\/v2\/pages"}],"about":[{"href":"https:\/\/www.brunomurias.com\/pt-pt\/wp-json\/wp\/v2\/types\/page"}],"author":[{"embeddable":true,"href":"https:\/\/www.brunomurias.com\/pt-pt\/wp-json\/wp\/v2\/users\/2"}],"replies":[{"embeddable":true,"href":"https:\/\/www.brunomurias.com\/pt-pt\/wp-json\/wp\/v2\/comments?post=8"}],"version-history":[{"count":34,"href":"https:\/\/www.brunomurias.com\/pt-pt\/wp-json\/wp\/v2\/pages\/8\/revisions"}],"predecessor-version":[{"id":6451,"href":"https:\/\/www.brunomurias.com\/pt-pt\/wp-json\/wp\/v2\/pages\/8\/revisions\/6451"}],"wp:featuredmedia":[{"embeddable":true,"href":"https:\/\/www.brunomurias.com\/pt-pt\/wp-json\/wp\/v2\/media\/523"}],"wp:attachment":[{"href":"https:\/\/www.brunomurias.com\/pt-pt\/wp-json\/wp\/v2\/media?parent=8"}],"curies":[{"name":"wp","href":"https:\/\/api.w.org\/{rel}","templated":true}]}}